{"id":2301,"date":"2019-02-05T14:09:29","date_gmt":"2019-02-05T11:09:29","guid":{"rendered":"https:\/\/www.qualitasberry.com\/?page_id=2301"},"modified":"2024-01-16T10:44:20","modified_gmt":"2024-01-16T07:44:20","slug":"gallery","status":"publish","type":"page","link":"https:\/\/www.qualitasberry.com\/en\/gallery\/","title":{"rendered":"Gallery"},"content":{"rendered":"[vc_row full_width=&#8221;container-null&#8221;][vc_column agro_disable_column=&#8221;yes&#8221;]<div id=\"hero\" class=\"nt-shortcode-hero jarallax section_69f48f3e48639 vc_custom_1697032523800\" data-speed=\"0.7\" data-img-position=\"50% 80%\" data-res-css=\"   .nt-shortcode-hero.section_69f48f3e48639 .__title span {color: #0a0a0a; }       \"><div class=\"container\"><div class=\"row\"><div class=\"col-12 col-lg-7 \"><h1 class=\"__title\"><span><\/span> GALLERY<\/h1><\/div><\/div><\/div><span class=\"page-scroll-discover\"><\/span><\/div>[\/vc_column][\/vc_row][vc_row full_width=&#8221;container-null&#8221;][vc_column]<div class=\"section section_69f48f3e48682\" data-res-css=\"    \"><div class=\"container\"><ul id=\"gallery-set\" class=\"text-center\"><li><a class=\"selected\" data-cat=\"*\" href=\"#\">All Photos<\/a><\/li><li><a data-cat=\"category-1\" href=\"#\">Our Gardens<\/a><\/li><li><a data-cat=\"category-2\" href=\"#\">Packaging Facility<\/a><\/li><li><a data-cat=\"category-3\" href=\"#\">Drone<\/a><\/li><\/ul><div class=\"gallery gallery--style-1\"><div class=\"__inner\"><div class=\"row js-isotope js-isotope_69f48f3e48683\" data-isotope-options='{\"itemSelector\": \".js-isotope__item\",\"transitionDuration\": \"0.8s\",\"percentPosition\": \"true\",\t\"masonry\": { \"columnWidth\": \".js-isotope__sizer\"}}'><div class=\"col-12 col-sm-6 col-lg-4  js-isotope__sizer\"><\/div><div class=\"col-12 col-sm-6 col-lg-4 js-isotope__item  category-1\"><div class=\"__item\" ><figure class=\"__image\"><img decoding=\"async\" src=\"https:\/\/www.qualitasberry.com\/wp-content\/uploads\/2023\/09\/bahce-4.png\" alt=\"bahce-4.png\"><div class=\"__content\"><\/div><a class=\"__link\" data-fancybox=\"gallery\" href=\"https:\/\/www.qualitasberry.com\/wp-content\/uploads\/2023\/09\/bahce-4.png\"><\/a><\/figure><\/div><\/div><div class=\"col-12 col-sm-6 col-lg-4 js-isotope__item  category-1\"><div class=\"__item\" ><figure class=\"__image\"><img decoding=\"async\" src=\"https:\/\/www.qualitasberry.com\/wp-content\/uploads\/2023\/09\/bahce-1.png\" alt=\"bahce-1.png\"><div class=\"__content\"><\/div><a class=\"__link\" data-fancybox=\"gallery\" href=\"https:\/\/www.qualitasberry.com\/wp-content\/uploads\/2023\/09\/bahce-1.png\"><\/a><\/figure><\/div><\/div><div class=\"col-12 col-sm-6 col-lg-4 js-isotope__item  category-1\"><div class=\"__item\" ><figure class=\"__image\"><img decoding=\"async\" src=\"https:\/\/www.qualitasberry.com\/wp-content\/uploads\/2023\/09\/bahce-2.png\" alt=\"bahce-2.png\"><div class=\"__content\"><\/div><a class=\"__link\" data-fancybox=\"gallery\" href=\"https:\/\/www.qualitasberry.com\/wp-content\/uploads\/2023\/09\/bahce-2.png\"><\/a><\/figure><\/div><\/div><div class=\"col-12 col-sm-6 col-lg-4 js-isotope__item  category-1\"><div class=\"__item\" ><figure class=\"__image\"><img decoding=\"async\" src=\"https:\/\/www.qualitasberry.com\/wp-content\/uploads\/2023\/09\/bahce-3.png\" alt=\"bahce-3.png\"><div class=\"__content\"><\/div><a class=\"__link\" data-fancybox=\"gallery\" href=\"https:\/\/www.qualitasberry.com\/wp-content\/uploads\/2023\/09\/bahce-3.png\"><\/a><\/figure><\/div><\/div><div class=\"col-12 col-sm-6 col-lg-4 js-isotope__item  category-1\"><div class=\"__item\" ><figure class=\"__image\"><img decoding=\"async\" src=\"https:\/\/www.qualitasberry.com\/wp-content\/uploads\/2023\/09\/bahce-5.png\" alt=\"bahce-5.png\"><div class=\"__content\"><\/div><a class=\"__link\" data-fancybox=\"gallery\" href=\"https:\/\/www.qualitasberry.com\/wp-content\/uploads\/2023\/09\/bahce-5.png\"><\/a><\/figure><\/div><\/div><div class=\"col-12 col-sm-6 col-lg-4 js-isotope__item  category-1\"><div class=\"__item\" ><figure class=\"__image\"><img decoding=\"async\" src=\"https:\/\/www.qualitasberry.com\/wp-content\/uploads\/2023\/09\/bahce-6.png\" alt=\"bahce-6.png\"><div class=\"__content\"><\/div><a class=\"__link\" data-fancybox=\"gallery\" href=\"https:\/\/www.qualitasberry.com\/wp-content\/uploads\/2023\/09\/bahce-6.png\"><\/a><\/figure><\/div><\/div><div class=\"col-12 col-sm-6 col-lg-4 js-isotope__item  category-1\"><div class=\"__item\" ><figure class=\"__image\"><img decoding=\"async\" src=\"https:\/\/www.qualitasberry.com\/wp-content\/uploads\/2023\/09\/bahce-7.png\" alt=\"bahce-7.png\"><div class=\"__content\"><\/div><a class=\"__link\" data-fancybox=\"gallery\" href=\"https:\/\/www.qualitasberry.com\/wp-content\/uploads\/2023\/09\/bahce-7.png\"><\/a><\/figure><\/div><\/div><div class=\"col-12 col-sm-6 col-lg-4 js-isotope__item  category-1\"><div class=\"__item\" ><figure class=\"__image\"><img decoding=\"async\" src=\"https:\/\/www.qualitasberry.com\/wp-content\/uploads\/2023\/09\/bahce-8.png\" alt=\"bahce-8.png\"><div class=\"__content\"><\/div><a class=\"__link\" data-fancybox=\"gallery\" href=\"https:\/\/www.qualitasberry.com\/wp-content\/uploads\/2023\/09\/bahce-8.png\"><\/a><\/figure><\/div><\/div><div class=\"col-12 col-sm-6 col-lg-4 js-isotope__item  category-1\"><div class=\"__item\"  data-y=\"2\"><figure class=\"__image\"><img decoding=\"async\" src=\"https:\/\/www.qualitasberry.com\/wp-content\/uploads\/2023\/09\/bahce-9.png\" alt=\"bahce-9.png\"><div class=\"__content\"><\/div><a class=\"__link\" data-fancybox=\"gallery\" href=\"https:\/\/www.qualitasberry.com\/wp-content\/uploads\/2023\/09\/bahce-9.png\"><\/a><\/figure><\/div><\/div><div class=\"col-12 col-sm-6 col-lg-4 js-isotope__item  category-1\"><div class=\"__item\" ><figure class=\"__image\"><img decoding=\"async\" src=\"https:\/\/www.qualitasberry.com\/wp-content\/uploads\/2023\/09\/bahce-10.png\" alt=\"bahce-10.png\"><div class=\"__content\"><\/div><a class=\"__link\" data-fancybox=\"gallery\" href=\"https:\/\/www.qualitasberry.com\/wp-content\/uploads\/2023\/09\/bahce-10.png\"><\/a><\/figure><\/div><\/div><div class=\"col-12 col-sm-6 col-lg-4 js-isotope__item  category-1\"><div class=\"__item\" ><figure class=\"__image\"><img decoding=\"async\" src=\"https:\/\/www.qualitasberry.com\/wp-content\/uploads\/2023\/09\/bahce-11.png\" alt=\"bahce-11.png\"><div class=\"__content\"><\/div><a class=\"__link\" data-fancybox=\"gallery\" href=\"https:\/\/www.qualitasberry.com\/wp-content\/uploads\/2023\/09\/bahce-11.png\"><\/a><\/figure><\/div><\/div><div class=\"col-12 col-sm-6 col-lg-4 js-isotope__item  category-1\"><div class=\"__item\"  data-y=\"2\"><figure class=\"__image\"><img decoding=\"async\" src=\"https:\/\/www.qualitasberry.com\/wp-content\/uploads\/2023\/09\/bahce-12.png\" alt=\"bahce-12.png\"><div class=\"__content\"><\/div><a class=\"__link\" data-fancybox=\"gallery\" href=\"https:\/\/www.qualitasberry.com\/wp-content\/uploads\/2023\/09\/bahce-12.png\"><\/a><\/figure><\/div><\/div><div class=\"col-12 col-sm-6 col-lg-4 js-isotope__item  category-1\"><div class=\"__item\" ><figure class=\"__image\"><img decoding=\"async\" src=\"https:\/\/www.qualitasberry.com\/wp-content\/uploads\/2023\/09\/bahce-13.png\" alt=\"bahce-13.png\"><div class=\"__content\"><\/div><a class=\"__link\" data-fancybox=\"gallery\" href=\"https:\/\/www.qualitasberry.com\/wp-content\/uploads\/2023\/09\/bahce-13.png\"><\/a><\/figure><\/div><\/div><div class=\"col-12 col-sm-6 col-lg-4 js-isotope__item  category-1\"><div class=\"__item\" ><figure class=\"__image\"><img decoding=\"async\" src=\"https:\/\/www.qualitasberry.com\/wp-content\/uploads\/2023\/09\/bahce-14.png\" alt=\"bahce-14.png\"><div class=\"__content\"><\/div><a class=\"__link\" data-fancybox=\"gallery\" href=\"https:\/\/www.qualitasberry.com\/wp-content\/uploads\/2023\/09\/bahce-14.png\"><\/a><\/figure><\/div><\/div><div class=\"col-12 col-sm-6 col-lg-4 js-isotope__item  category-2\"><div class=\"__item\" ><figure class=\"__image\"><div class=\"__content\"><\/div><a class=\"__link\" data-fancybox=\"gallery\" href=\"\"><\/a><\/figure><\/div><\/div><div class=\"col-12 col-sm-6 col-lg-4 js-isotope__item  category-3\"><div class=\"__item\" ><figure class=\"__image\"><img decoding=\"async\" src=\"https:\/\/www.qualitasberry.com\/wp-content\/uploads\/2023\/05\/Photo_1080295433_DJI_9_jpg_7975915_0_202242111946_photo_original.jpg-scaled.jpg\" alt=\"Photo_1080295433_DJI_9_jpg_7975915_0_202242111946_photo_original.jpg-scaled.jpg\"><div class=\"__content\"><h5 class=\"__content__title\">Drone \u00c7ekimleri<\/h5><span>Bah\u00e7emizden bir g\u00f6rsel<\/span><\/div><a class=\"__link\" data-fancybox=\"gallery\" href=\"https:\/\/www.qualitasberry.com\/wp-content\/uploads\/2023\/05\/Photo_1080295433_DJI_9_jpg_7975915_0_202242111946_photo_original.jpg-scaled.jpg\"><\/a><\/figure><\/div><\/div><\/div><\/div><\/div><\/div><\/div>[\/vc_column][\/vc_row][vc_row useiframe=&#8221;&#8221; apikey=&#8221;AIzaSyDGI5Yph3TObs_5okM7df085QssTFIQbys&#8221; longitude=&#8221;36.78621162821701&#8243; latitude=&#8221;31.406438479429553&#8243; minh=&#8221;255&#8243; markerimg=&#8221;1131&#8243; iframemap=&#8221;&#8221;][vc_column]<footer id=\"footer\" class=\"footer footer--style-3\" style=\"min-height: 255px\">\n<div class=\"container\">\n<div class=\"row\">\n<div class=\"col-12 col-md-7\">\n<div class=\"row\">\n<div class=\"col-12 col-sm-4 col-md-4 col-lg-3\"><a href=\"#\"><img loading=\"lazy\" decoding=\"async\" class=\"alignnone size-medium wp-image-1176\" src=\"http:\/\/www.qualitasberry.com\/wp-content\/uploads\/2023\/05\/2-300x214.png\" alt=\"\" width=\"300\" height=\"214\" srcset=\"https:\/\/www.qualitasberry.com\/wp-content\/uploads\/2023\/05\/2-300x214.png 300w, https:\/\/www.qualitasberry.com\/wp-content\/uploads\/2023\/05\/2-1024x731.png 1024w, https:\/\/www.qualitasberry.com\/wp-content\/uploads\/2023\/05\/2-768x549.png 768w, https:\/\/www.qualitasberry.com\/wp-content\/uploads\/2023\/05\/2-120x86.png 120w, https:\/\/www.qualitasberry.com\/wp-content\/uploads\/2023\/05\/2-240x171.png 240w, https:\/\/www.qualitasberry.com\/wp-content\/uploads\/2023\/05\/2-360x257.png 360w, https:\/\/www.qualitasberry.com\/wp-content\/uploads\/2023\/05\/2-480x343.png 480w, https:\/\/www.qualitasberry.com\/wp-content\/uploads\/2023\/05\/2-820x586.png 820w, https:\/\/www.qualitasberry.com\/wp-content\/uploads\/2023\/05\/2-1040x743.png 1040w, https:\/\/www.qualitasberry.com\/wp-content\/uploads\/2023\/05\/2-600x429.png 600w, https:\/\/www.qualitasberry.com\/wp-content\/uploads\/2023\/05\/2.png 1400w\" sizes=\"auto, (max-width: 300px) 100vw, 300px\" \/><\/a><\/div>\n<div class=\"col-12 col-sm\">\n<div class=\"footer__item\">\n<nav id=\"footer__navigation\" class=\"navigation\">\n<div class=\"row justify-content-sm-center\">\n<div class=\"col-auto\">\n<ul>\n<li class=\"active\"><a href=\"https:\/\/www.qualitasberry.com\">Anasayfa<\/a><\/li>\n<li><a href=\"https:\/\/www.qualitasberry.com\/hakkimizda\" target=\"_blank\" rel=\"noopener\">Hakk\u0131m\u0131zda<\/a><\/li>\n<li><a href=\"https:\/\/www.qualitasberry.com\/hakkimizda\" target=\"_blank\" rel=\"noopener\">Bah\u00e7elerimiz<\/a><\/li>\n<li><a href=\"https:\/\/www.qualitasberry.com\/galeri\" target=\"_blank\" rel=\"noopener\">Galeri<\/a><\/li>\n<li><a href=\"https:\/\/www.qualitasberry.com\/iletisim\" target=\"_blank\" rel=\"noopener\">\u0130leti\u015fim<\/a><\/li>\n<\/ul>\n<\/div>\n<div class=\"col-auto offset-lg-1\">\n<ul>\n<li><a href=\"#\">Blueberry Cinsleri<\/a><\/li>\n<li><a href=\"https:\/\/www.qualitasberry.com\/hakkimizda\/#ourpartners\">Partnerlerimiz<\/a><\/li>\n<li><a href=\"https:\/\/www.qualitasberry.com\/index.php#qbsertifikalarimiz\" target=\"_blank\" rel=\"noopener\">Sertifikalar\u0131m\u0131z<\/a><\/li>\n<\/ul>\n<\/div>\n<\/div>\n<\/nav>\n<\/div>\n<\/div>\n<div class=\"col-12 my-lg-3\"><\/div>\n<\/div>\n<div class=\"row align-items-end justify-content-between\">\n<div class=\"col-12 col-lg-9\">\n<div class=\"footer__item\">\n<address>\n<div class=\"row\">\n<div class=\"col-12 col-sm-6 mb-4 mb-sm-0\">\n<div class=\"__title\">E-Posta<\/div>\n<p><a href=\"mailto:info@qualitasberry.com\">info@qualitasberry.com<\/a><\/div>\n<div class=\"col-12 col-sm-6\">\n<div class=\"__title\">Telefon<\/div>\n<p><a href=\"tel:+905079513390\">+90 507 951 33 90<\/a><\/div>\n<\/div>\n<\/address>\n<\/div>\n<\/div>\n<div class=\"col-12 col-lg-auto\">\n<div class=\"footer__item\">\n<div class=\"social-btns\"><i class=\"fontello-twitter\"><\/i><br \/>\n<i class=\"fontello-facebook\"><\/i><br \/>\n<i class=\"fontello-linkedin-squared\"><\/i><\/div>\n<\/div>\n<\/div>\n<\/div>\n<div class=\"row justify-content-lg-between copyright\">\n<div class=\"col-12 col-lg\">\n<div class=\"footer__item\"><span class=\"__copy\">\u00a9 2023 Qualitas Berry<\/span><\/div>\n<\/div>\n<div class=\"col-12 col-lg-auto\">\n<div class=\"footer__item\"><span class=\"__copy\">T\u00fcm Haklar\u0131 Sakl\u0131d\u0131r.<\/span><\/div>\n<\/div>\n<\/div>\n<\/div>\n<\/div>\n<\/div>\n<div class=\"map-container\"><div class=\"g_map\" data-api-key=\"AIzaSyDGI5Yph3TObs_5okM7df085QssTFIQbys\" data-longitude=\"36.78621162821701\" data-latitude=\"31.406438479429553\" data-marker=\"https:\/\/www.qualitasberry.com\/wp-content\/uploads\/2023\/05\/marker2.png\"><\/div><\/div><\/footer>[\/vc_column][\/vc_row]\n","protected":false},"excerpt":{"rendered":"<p>[vc_row full_width=&#8221;container-null&#8221;][vc_column agro_disable_column=&#8221;yes&#8221;][\/vc_column][\/vc_row][vc_row full_width=&#8221;container-null&#8221;][vc_column][\/vc_column][\/vc_row][vc_row useiframe=&#8221;&#8221; apikey=&#8221;AIzaSyDGI5Yph3TObs_5okM7df085QssTFIQbys&#8221; longitude=&#8221;36.78621162821701&#8243; latitude=&#8221;31.406438479429553&#8243; minh=&#8221;255&#8243; markerimg=&#8221;1131&#8243; iframemap=&#8221;&#8221;][vc_column][\/vc_column][\/vc_row]<\/p>\n","protected":false},"author":1,"featured_media":0,"parent":0,"menu_order":0,"comment_status":"closed","ping_status":"closed","template":"custom-page.php","meta":{"footnotes":""},"class_list":["post-2301","page","type-page","status-publish","hentry"," nt-post-class"],"_links":{"self":[{"href":"https:\/\/www.qualitasberry.com\/en\/wp-json\/wp\/v2\/pages\/2301","targetHints":{"allow":["GET"]}}],"collection":[{"href":"https:\/\/www.qualitasberry.com\/en\/wp-json\/wp\/v2\/pages"}],"about":[{"href":"https:\/\/www.qualitasberry.com\/en\/wp-json\/wp\/v2\/types\/page"}],"author":[{"embeddable":true,"href":"https:\/\/www.qualitasberry.com\/en\/wp-json\/wp\/v2\/users\/1"}],"replies":[{"embeddable":true,"href":"https:\/\/www.qualitasberry.com\/en\/wp-json\/wp\/v2\/comments?post=2301"}],"version-history":[{"count":4,"href":"https:\/\/www.qualitasberry.com\/en\/wp-json\/wp\/v2\/pages\/2301\/revisions"}],"predecessor-version":[{"id":2405,"href":"https:\/\/www.qualitasberry.com\/en\/wp-json\/wp\/v2\/pages\/2301\/revisions\/2405"}],"wp:attachment":[{"href":"https:\/\/www.qualitasberry.com\/en\/wp-json\/wp\/v2\/media?parent=2301"}],"curies":[{"name":"wp","href":"https:\/\/api.w.org\/{rel}","templated":true}]}}