{"id":2304,"date":"2019-02-05T07:05:06","date_gmt":"2019-02-05T04:05:06","guid":{"rendered":"https:\/\/www.qualitasberry.com\/?page_id=2304"},"modified":"2024-01-22T16:27:36","modified_gmt":"2024-01-22T13:27:36","slug":"about-us","status":"publish","type":"page","link":"https:\/\/www.qualitasberry.com\/en\/about-us\/","title":{"rendered":"About us"},"content":{"rendered":"[vc_row full_width=&#8221;container-null&#8221;][vc_column agro_disable_column=&#8221;yes&#8221;]<div id=\"hero\" class=\"nt-shortcode-hero jarallax section_69e5dd3f6ed0c vc_custom_1697020627729\" data-speed=\"0.7\" data-img-position=\"50% 80%\" data-res-css=\"          \"><div class=\"container\"><div class=\"row\"><div class=\"col-12 col-lg-7 \"><h1 class=\"__title\"><span><\/span> ABOUT US<\/h1><\/div><\/div><\/div><\/div>[\/vc_column][\/vc_row][vc_row full_width=&#8221;container-null&#8221;][vc_column agro_disable_column=&#8221;yes&#8221;]<div class=\"section section--no-pb about--1 md-hide-bg item_69e5dd3f6ed3b\" data-res-css=\"              \"><div class=\"container\"><div class=\"section-heading\"><h2 class=\"__title\">About Qualitas Berry <span><\/span><\/h2><\/div><div class=\"row\"><div class=\"col-12 col-lg-6 col-xl-8\">Qualitas Berry is a structure established by four leading companies producing blueberries on a common ground. Its aim is to gather blueberry production under one roof and offer quality products. Currently, it has a blueberry packaging and cold storage facility with a closed area of 3000 m2 in its facilities built on 5000 m2 under the name Qualitas Berry. Additionally, there are 500 decares of cultivated blueberry gardens in various regions of Antalya.<\/p>\n<p>The founding purpose of Qualitas Berry is to bring together leading companies in the industry, join forces and provide a more efficient production process. This partnership aims to raise quality standards in production and packaging processes. In addition, it is aimed to have a larger production capacity by combining the cultivated areas owned by the companies coming together.<\/p>\n<p>Blueberries are a fruit that has gained popularity in recent years due to its health benefits and nutritional value. Qualitas Berry aims to offer high quality and fresh products to respond to this demand. It maintains the quality of the products and offers them to its customers with packaging and cold storage facilities in its established facilities.<\/p>\n<p>The fact that Qualitas Berry is a pioneer in blueberry production and has a large production area contributes to the sector and increases efficiency in the production process. Additionally, the collaboration between the four companies working together fosters innovation and development in the industry by sharing experiences and expertise.<\/div><\/div><\/div><\/div>[vc_empty_space height=&#8221;100px&#8221;]<div class=\"section section--gutter section--base-bg section--custom-02 section_69e5dd3f6ed5e vc_custom_1697030992631\" data-res-css=\"           \"><div class=\"container\"><div class=\"section-heading\" data-aos=\"fade\"><h2 class=\"__title\">History of Qualitas Berry <span><\/span><\/h2><\/div><div class=\"timeline\"><div class=\"__inner\"><div class=\"row\"><div class=\"col-12 col-md-3\"><div class=\"__item\"><i class=\"__ico\"><\/i><div class=\"row\"><div class=\"col-lg-11 col-xl-9\"><p class=\"__year\">2019<\/p><h5 class=\"__title\">Founding of Qualitas Berry<\/h5><p>Establishment process of Qualitas Berry, which emerged with the combination of 4 leading companies in its sector<\/p><\/div><\/div><\/div><\/div><div class=\"col-12 col-md-3\"><div class=\"__item\"><i class=\"__ico\"><\/i><div class=\"row\"><div class=\"col-lg-11 col-xl-9\"><p class=\"__year\">2020<\/p><h5 class=\"__title\">Preparations of the Gardens<\/h5><p>The process of making basic decisions such as analysis of gardens and selection of appropriate genus species<\/p><\/div><\/div><\/div><\/div><div class=\"col-12 col-md-3\"><div class=\"__item\"><i class=\"__ico\"><\/i><div class=\"row\"><div class=\"col-lg-11 col-xl-9\"><p class=\"__year\">2021<\/p><h5 class=\"__title\">Sapling Planting<\/h5><p>The process of planting saplings with the selection of suitable species, accompanied by agricultural engineers who are experts in blueberry production in their field.<\/p><\/div><\/div><\/div><\/div><div class=\"col-12 col-md-3\"><div class=\"__item\"><i class=\"__ico\"><\/i><div class=\"row\"><div class=\"col-lg-11 col-xl-9\"><p class=\"__year\">2023<\/p><h5 class=\"__title\">Harvesting and Packaging<\/h5><p>Harvesting of Blueberries and packaging process at Qualitas Packaging Facility<\/p><\/div><\/div><\/div><\/div><div class=\"col-12 col-md-3\"><div class=\"__item\"><i class=\"__ico\"><\/i><div class=\"row\"><div class=\"col-lg-11 col-xl-9\"><p class=\"__year\">2024<\/p><h5 class=\"__title\">Harvesting and Packaging<\/h5><p>Harvesting of Blueberries and packaging process at Qualitas Packaging Facility<\/p><\/div><\/div><\/div><\/div><\/div><\/div><\/div><\/div><\/div>[\/vc_column][\/vc_row][vc_row full_width=&#8221;container-null&#8221;][vc_column agro_disable_column=&#8221;yes&#8221;][\/vc_column][\/vc_row][vc_row full_width=&#8221;container-null&#8221;][vc_column agro_disable_column=&#8221;yes&#8221;]<div class=\"section section--no-pb section--custom-03 section_69e5dd3f6ed86\" data-res-css=\"        \"><div class=\"container\"><div class=\"section-heading section-heading--center\" data-aos=\"fade\"><h2 class=\"__title\">Our Team <span><\/span><\/h2><p>Our team members working within Qualitas Berry,<\/p><\/div><div class=\"team\"><div class=\"__inner\"><div class=\"row\"><div class=\"col-12 col-md-6 col-lg-4\"><div class=\"__item\"><figure class=\"__image\"><img decoding=\"async\" src=\"https:\/\/www.qualitasberry.com\/wp-content\/uploads\/2023\/05\/user.png\" class=\"img-fluid\" alt=\"user.png\"><\/figure><div class=\"__content\"><h5 class=\"__title\">Gizem B\u00fcy\u00fckkeskin<\/h5><span>Agricultural Engineer<\/span><\/div><\/div><\/div><div class=\"col-12 col-md-6 col-lg-4\"><div class=\"__item\"><figure class=\"__image\"><img decoding=\"async\" src=\"https:\/\/www.qualitasberry.com\/wp-content\/uploads\/2023\/05\/user.png\" class=\"img-fluid\" alt=\"user.png\"><\/figure><div class=\"__content\"><h5 class=\"__title\">Berat Kurug\u00f6l<\/h5><span>Agricultural Engineer<\/span><\/div><\/div><\/div><div class=\"col-12 col-md-6 col-lg-4\"><div class=\"__item\"><figure class=\"__image\"><img decoding=\"async\" src=\"https:\/\/www.qualitasberry.com\/wp-content\/uploads\/2023\/05\/user.png\" class=\"img-fluid\" alt=\"user.png\"><\/figure><div class=\"__content\"><h5 class=\"__title\">Salih \u015eehirli<\/h5><span>Agricultural Engineer<\/span><\/div><\/div><\/div><div class=\"col-12 col-md-6 col-lg-4\"><div class=\"__item\"><figure class=\"__image\"><img decoding=\"async\" src=\"https:\/\/www.qualitasberry.com\/wp-content\/uploads\/2023\/05\/user.png\" class=\"img-fluid\" alt=\"user.png\"><\/figure><div class=\"__content\"><h5 class=\"__title\">Mustafa Ad\u0131belli<\/h5><span>Mechanical engineer<\/span><\/div><\/div><\/div><div class=\"col-12 col-md-6 col-lg-4\"><div class=\"__item\"><figure class=\"__image\"><img decoding=\"async\" src=\"https:\/\/www.qualitasberry.com\/wp-content\/uploads\/2023\/05\/user.png\" class=\"img-fluid\" alt=\"user.png\"><\/figure><div class=\"__content\"><h5 class=\"__title\">Kadir Isik<\/h5><span>Sales Manager<\/span><\/div><\/div><\/div><\/div><\/div><\/div><\/div><\/div>[\/vc_column][\/vc_row][vc_row full_width=&#8221;container-null&#8221;][vc_column el_id=&#8221;ourpartners&#8221;]<div class=\"section  section_69e5dd3f6fd4e vc_custom_1697020928734\" data-res-css=\"     \"><div class=\"container\"><div class=\"section-heading section-heading--center\" data-aos=\"fade\"><h2 class=\"__title\">PARTNERS <span><\/span><\/h2><p>4 companies that founded Qualitas Berry<\/p><\/div><div class=\"partners-list\"><div class=\"js-slick slick_69e5dd3f6fd4f\" data-slick='{\"slidesToShow\": 5,\"autoplay\": false,\"autoplaySpeed\": 3000,\"arrows\": false,\"dots\": false,\"pauseOnHover\": false,\"speed\": 1000,\"responsive\": [{\"breakpoint\":576,\"settings\":{\"slidesToShow\": 1}},{\"breakpoint\":767,\"settings\":{\"slidesToShow\": 3}},{\"breakpoint\":991,\"settings\":{\"slidesToShow\": 4}},{\"breakpoint\":1199,\"settings\":{\"autoplay\": false,\"dots\": false,\"slidesToShow\": 5}}]}'><div class=\"__item\"><a class=\"__item-link\" title=\"Pamir Tropik\" href=\"http:\/\/www.pamirtropik.com\/\" target=\"_blank\"><img decoding=\"async\" src=\"https:\/\/www.qualitasberry.com\/wp-content\/uploads\/2023\/05\/pamir.jpg\" class=\"img-fluid m-auto\" alt=\"pamir.jpg\"><\/a><\/div><div class=\"__item\"><a class=\"__item-link\" title=\"Metro Tar\u0131m &amp; M\u00fchendislik\" href=\"https:\/\/www.metromuhendislik.com\/\" target=\"_blank\"><img decoding=\"async\" src=\"https:\/\/www.qualitasberry.com\/wp-content\/uploads\/2023\/05\/metro-tarim.png\" class=\"img-fluid m-auto\" alt=\"metro-tarim.png\"><\/a><\/div><div class=\"__item\"><a class=\"__item-link\" title=\"Mecito\u011flu Homes\" href=\"https:\/\/mecitogluhomes.com\"><img decoding=\"async\" src=\"https:\/\/www.qualitasberry.com\/wp-content\/uploads\/2023\/05\/mctoglu.png\" class=\"img-fluid m-auto\" alt=\"mctoglu.png\"><\/a><\/div><div class=\"__item\"><a class=\"__item-link\"><img decoding=\"async\" src=\"https:\/\/www.qualitasberry.com\/wp-content\/uploads\/2023\/05\/antberry.png\" class=\"img-fluid m-auto\" alt=\"antberry.png\"><\/a><\/div><\/div><\/div><\/div><\/div>[vc_row_inner][vc_column_inner][\/vc_column_inner][\/vc_row_inner][\/vc_column][\/vc_row][vc_row useiframe=&#8221;&#8221; apikey=&#8221;AIzaSyDGI5Yph3TObs_5okM7df085QssTFIQbys&#8221; longitude=&#8221;36.78621162821701&#8243; latitude=&#8221;31.406438479429553&#8243; minh=&#8221;255&#8243; markerimg=&#8221;1131&#8243; iframemap=&#8221;&#8221;][vc_column]<footer id=\"footer\" class=\"footer footer--style-3\" style=\"min-height: 255px\">\n<div class=\"container\">\n<div class=\"row\">\n<div class=\"col-12 col-md-7\">\n<div class=\"row\">\n<div class=\"col-12 col-sm-4 col-md-4 col-lg-3\"><a href=\"#\"><img loading=\"lazy\" decoding=\"async\" class=\"alignnone size-medium wp-image-1176\" src=\"http:\/\/www.qualitasberry.com\/wp-content\/uploads\/2023\/05\/2-300x214.png\" alt=\"\" width=\"300\" height=\"214\" srcset=\"https:\/\/www.qualitasberry.com\/wp-content\/uploads\/2023\/05\/2-300x214.png 300w, https:\/\/www.qualitasberry.com\/wp-content\/uploads\/2023\/05\/2-1024x731.png 1024w, https:\/\/www.qualitasberry.com\/wp-content\/uploads\/2023\/05\/2-768x549.png 768w, https:\/\/www.qualitasberry.com\/wp-content\/uploads\/2023\/05\/2-120x86.png 120w, https:\/\/www.qualitasberry.com\/wp-content\/uploads\/2023\/05\/2-240x171.png 240w, https:\/\/www.qualitasberry.com\/wp-content\/uploads\/2023\/05\/2-360x257.png 360w, https:\/\/www.qualitasberry.com\/wp-content\/uploads\/2023\/05\/2-480x343.png 480w, https:\/\/www.qualitasberry.com\/wp-content\/uploads\/2023\/05\/2-820x586.png 820w, https:\/\/www.qualitasberry.com\/wp-content\/uploads\/2023\/05\/2-1040x743.png 1040w, https:\/\/www.qualitasberry.com\/wp-content\/uploads\/2023\/05\/2-600x429.png 600w, https:\/\/www.qualitasberry.com\/wp-content\/uploads\/2023\/05\/2.png 1400w\" sizes=\"auto, (max-width: 300px) 100vw, 300px\" \/><\/a><\/div>\n<div class=\"col-12 col-sm\">\n<div class=\"footer__item\">\n<nav id=\"footer__navigation\" class=\"navigation\">\n<div class=\"row justify-content-sm-center\">\n<div class=\"col-auto\">\n<ul>\n<li class=\"active\"><a href=\"https:\/\/www.qualitasberry.com\">Anasayfa<\/a><\/li>\n<li><a href=\"https:\/\/www.qualitasberry.com\/hakkimizda\" target=\"_blank\" rel=\"noopener\">Hakk\u0131m\u0131zda<\/a><\/li>\n<li><a href=\"https:\/\/www.qualitasberry.com\/hakkimizda\" target=\"_blank\" rel=\"noopener\">Bah\u00e7elerimiz<\/a><\/li>\n<li><a href=\"https:\/\/www.qualitasberry.com\/galeri\" target=\"_blank\" rel=\"noopener\">Galeri<\/a><\/li>\n<li><a href=\"https:\/\/www.qualitasberry.com\/iletisim\" target=\"_blank\" rel=\"noopener\">\u0130leti\u015fim<\/a><\/li>\n<\/ul>\n<\/div>\n<div class=\"col-auto offset-lg-1\">\n<ul>\n<li><a href=\"#\">Blueberry Cinsleri<\/a><\/li>\n<li><a href=\"https:\/\/www.qualitasberry.com\/hakkimizda\/#ourpartners\">Partnerlerimiz<\/a><\/li>\n<li><a href=\"https:\/\/www.qualitasberry.com\/index.php#qbsertifikalarimiz\" target=\"_blank\" rel=\"noopener\">Sertifikalar\u0131m\u0131z<\/a><\/li>\n<\/ul>\n<\/div>\n<\/div>\n<\/nav>\n<\/div>\n<\/div>\n<div class=\"col-12 my-lg-3\"><\/div>\n<\/div>\n<div class=\"row align-items-end justify-content-between\">\n<div class=\"col-12 col-lg-9\">\n<div class=\"footer__item\">\n<address>\n<div class=\"row\">\n<div class=\"col-12 col-sm-6 mb-4 mb-sm-0\">\n<div class=\"__title\">E-Posta<\/div>\n<p><a href=\"mailto:info@qualitasberry.com\">info@qualitasberry.com<\/a><\/div>\n<div class=\"col-12 col-sm-6\">\n<div class=\"__title\">Telefon<\/div>\n<p><a href=\"tel:+905079513390\">+90 507 951 33 90<\/a><\/div>\n<\/div>\n<\/address>\n<\/div>\n<\/div>\n<div class=\"col-12 col-lg-auto\">\n<div class=\"footer__item\">\n<div class=\"social-btns\"><i class=\"fontello-twitter\"><\/i><br \/>\n<i class=\"fontello-facebook\"><\/i><br \/>\n<i class=\"fontello-linkedin-squared\"><\/i><\/div>\n<\/div>\n<\/div>\n<\/div>\n<div class=\"row justify-content-lg-between copyright\">\n<div class=\"col-12 col-lg\">\n<div class=\"footer__item\"><span class=\"__copy\">\u00a9 2023 Qualitas Berry<\/span><\/div>\n<\/div>\n<div class=\"col-12 col-lg-auto\">\n<div class=\"footer__item\"><span class=\"__copy\">T\u00fcm Haklar\u0131 Sakl\u0131d\u0131r.<\/span><\/div>\n<\/div>\n<\/div>\n<\/div>\n<\/div>\n<\/div>\n<div class=\"map-container\"><div class=\"g_map\" data-api-key=\"AIzaSyDGI5Yph3TObs_5okM7df085QssTFIQbys\" data-longitude=\"36.78621162821701\" data-latitude=\"31.406438479429553\" data-marker=\"https:\/\/www.qualitasberry.com\/wp-content\/uploads\/2023\/05\/marker2.png\"><\/div><\/div><\/footer>[\/vc_column][\/vc_row]\n","protected":false},"excerpt":{"rendered":"<p>[vc_row full_width=&#8221;container-null&#8221;][vc_column agro_disable_column=&#8221;yes&#8221;][\/vc_column][\/vc_row][vc_row full_width=&#8221;container-null&#8221;][vc_column agro_disable_column=&#8221;yes&#8221;][vc_empty_space height=&#8221;100px&#8221;][\/vc_column][\/vc_row][vc_row full_width=&#8221;container-null&#8221;][vc_column agro_disable_column=&#8221;yes&#8221;][\/vc_column][\/vc_row][vc_row full_width=&#8221;container-null&#8221;][vc_column agro_disable_column=&#8221;yes&#8221;][\/vc_column][\/vc_row][vc_row full_width=&#8221;container-null&#8221;][vc_column el_id=&#8221;ourpartners&#8221;][vc_row_inner][vc_column_inner][\/vc_column_inner][\/vc_row_inner][\/vc_column][\/vc_row][vc_row useiframe=&#8221;&#8221; apikey=&#8221;AIzaSyDGI5Yph3TObs_5okM7df085QssTFIQbys&#8221; longitude=&#8221;36.78621162821701&#8243; latitude=&#8221;31.406438479429553&#8243; minh=&#8221;255&#8243; markerimg=&#8221;1131&#8243; iframemap=&#8221;&#8221;][vc_column][\/vc_column][\/vc_row]<\/p>\n","protected":false},"author":1,"featured_media":0,"parent":0,"menu_order":0,"comment_status":"closed","ping_status":"closed","template":"custom-page.php","meta":{"footnotes":""},"class_list":["post-2304","page","type-page","status-publish","hentry"," nt-post-class"],"_links":{"self":[{"href":"https:\/\/www.qualitasberry.com\/en\/wp-json\/wp\/v2\/pages\/2304","targetHints":{"allow":["GET"]}}],"collection":[{"href":"https:\/\/www.qualitasberry.com\/en\/wp-json\/wp\/v2\/pages"}],"about":[{"href":"https:\/\/www.qualitasberry.com\/en\/wp-json\/wp\/v2\/types\/page"}],"author":[{"embeddable":true,"href":"https:\/\/www.qualitasberry.com\/en\/wp-json\/wp\/v2\/users\/1"}],"replies":[{"embeddable":true,"href":"https:\/\/www.qualitasberry.com\/en\/wp-json\/wp\/v2\/comments?post=2304"}],"version-history":[{"count":5,"href":"https:\/\/www.qualitasberry.com\/en\/wp-json\/wp\/v2\/pages\/2304\/revisions"}],"predecessor-version":[{"id":2448,"href":"https:\/\/www.qualitasberry.com\/en\/wp-json\/wp\/v2\/pages\/2304\/revisions\/2448"}],"wp:attachment":[{"href":"https:\/\/www.qualitasberry.com\/en\/wp-json\/wp\/v2\/media?parent=2304"}],"curies":[{"name":"wp","href":"https:\/\/api.w.org\/{rel}","templated":true}]}}