{"id":2307,"date":"2019-02-05T16:34:32","date_gmt":"2019-02-05T13:34:32","guid":{"rendered":"https:\/\/www.qualitasberry.com\/?page_id=2307"},"modified":"2024-01-16T10:15:58","modified_gmt":"2024-01-16T07:15:58","slug":"contact-us","status":"publish","type":"page","link":"https:\/\/www.qualitasberry.com\/en\/contact-us\/","title":{"rendered":"Contact Us"},"content":{"rendered":"[vc_row full_width=&#8221;container-null&#8221;][vc_column agro_disable_column=&#8221;yes&#8221;]<div id=\"hero\" class=\"nt-shortcode-hero jarallax section_69f48da455dc1 vc_custom_1697026225746\" data-speed=\"0.7\" data-img-position=\"50% 80%\" data-res-css=\"          \"><div class=\"container\"><div class=\"row\"><div class=\"col-12 col-lg-7 \"><h1 class=\"__title\"><span><\/span> CONTACT US<\/h1><\/div><\/div><\/div><span class=\"page-scroll-discover\"><\/span><\/div>[\/vc_column][\/vc_row][vc_row full_width=&#8221;container-null&#8221;][vc_column agro_disable_column=&#8221;yes&#8221;]<div class=\"section section_69f48da455e0c\" data-res-css=\"  \"><div class=\"container\"><div class=\"company-contacts text-center\"><div class=\"__inner\"><div class=\"row justify-content-around\"><div class=\"col-12 col-md-4 col-lg-3\"><div class=\"__item\"><i class=\"__ico fontello-location\"><\/i><h4 class=\"__title\">ADDRESS<\/h4><p>Solak Mahallesi Hasan Tahsin Caddesi No:14 Aksu\/Antalya<\/p><\/div><\/div><div class=\"col-12 col-md-4 col-lg-3\"><div class=\"__item\"><i class=\"__ico fontello-phone\"><\/i><h4 class=\"__title\">PHONE<\/h4><p><a href=\"tel:+905079513390\">+90 507 951 33 90<\/a><\/p><\/div><\/div><div class=\"col-12 col-md-4 col-lg-3\"><div class=\"__item\"><i class=\"__ico fontello-mail-1\"><\/i><h4 class=\"__title\">E-MAIL<\/h4><p><a href=\"mailto:info@qualitasberry.com\">info@qualitasberry.com<\/a><\/p><\/div><\/div><\/div><\/div><\/div><\/div><\/div>[\/vc_column][\/vc_row][vc_row][vc_column]<footer id=\"footer\" class=\"footer footer--style-3\" style=\"min-height: 255px\">\n<div class=\"container\">\n<div class=\"row\">\n<div class=\"col-12 col-md-7\">\n<div class=\"row\">\n<div class=\"col-12 col-sm-4 col-md-4 col-lg-3\"><a href=\"#\"><img loading=\"lazy\" decoding=\"async\" class=\"alignnone size-medium wp-image-1176\" src=\"http:\/\/www.qualitasberry.com\/wp-content\/uploads\/2023\/05\/2-300x214.png\" alt=\"\" width=\"300\" height=\"214\" srcset=\"https:\/\/www.qualitasberry.com\/wp-content\/uploads\/2023\/05\/2-300x214.png 300w, https:\/\/www.qualitasberry.com\/wp-content\/uploads\/2023\/05\/2-1024x731.png 1024w, https:\/\/www.qualitasberry.com\/wp-content\/uploads\/2023\/05\/2-768x549.png 768w, https:\/\/www.qualitasberry.com\/wp-content\/uploads\/2023\/05\/2-120x86.png 120w, https:\/\/www.qualitasberry.com\/wp-content\/uploads\/2023\/05\/2-240x171.png 240w, https:\/\/www.qualitasberry.com\/wp-content\/uploads\/2023\/05\/2-360x257.png 360w, https:\/\/www.qualitasberry.com\/wp-content\/uploads\/2023\/05\/2-480x343.png 480w, https:\/\/www.qualitasberry.com\/wp-content\/uploads\/2023\/05\/2-820x586.png 820w, https:\/\/www.qualitasberry.com\/wp-content\/uploads\/2023\/05\/2-1040x743.png 1040w, https:\/\/www.qualitasberry.com\/wp-content\/uploads\/2023\/05\/2-600x429.png 600w, https:\/\/www.qualitasberry.com\/wp-content\/uploads\/2023\/05\/2.png 1400w\" sizes=\"auto, (max-width: 300px) 100vw, 300px\" \/><\/a><\/div>\n<div class=\"col-12 col-sm\">\n<div class=\"footer__item\">\n<nav id=\"footer__navigation\" class=\"navigation\">\n<div class=\"row justify-content-sm-center\">\n<div class=\"col-auto\">\n<ul>\n<li class=\"active\"><a href=\"https:\/\/www.qualitasberry.com\">Anasayfa<\/a><\/li>\n<li><a href=\"https:\/\/www.qualitasberry.com\/hakkimizda\" target=\"_blank\" rel=\"noopener\">Hakk\u0131m\u0131zda<\/a><\/li>\n<li><a href=\"https:\/\/www.qualitasberry.com\/hakkimizda\" target=\"_blank\" rel=\"noopener\">Bah\u00e7elerimiz<\/a><\/li>\n<li><a href=\"https:\/\/www.qualitasberry.com\/galeri\" target=\"_blank\" rel=\"noopener\">Galeri<\/a><\/li>\n<li><a href=\"https:\/\/www.qualitasberry.com\/iletisim\" target=\"_blank\" rel=\"noopener\">\u0130leti\u015fim<\/a><\/li>\n<\/ul>\n<\/div>\n<div class=\"col-auto offset-lg-1\">\n<ul>\n<li><a href=\"#\">Blueberry Cinsleri<\/a><\/li>\n<li><a href=\"https:\/\/www.qualitasberry.com\/hakkimizda\/#ourpartners\">Partnerlerimiz<\/a><\/li>\n<li><a href=\"https:\/\/www.qualitasberry.com\/index.php#qbsertifikalarimiz\" target=\"_blank\" rel=\"noopener\">Sertifikalar\u0131m\u0131z<\/a><\/li>\n<\/ul>\n<\/div>\n<\/div>\n<\/nav>\n<\/div>\n<\/div>\n<div class=\"col-12 my-lg-3\"><\/div>\n<\/div>\n<div class=\"row align-items-end justify-content-between\">\n<div class=\"col-12 col-lg-9\">\n<div class=\"footer__item\">\n<address>\n<div class=\"row\">\n<div class=\"col-12 col-sm-6 mb-4 mb-sm-0\">\n<div class=\"__title\">E-Posta<\/div>\n<p><a href=\"mailto:info@qualitasberry.com\">info@qualitasberry.com<\/a><\/div>\n<div class=\"col-12 col-sm-6\">\n<div class=\"__title\">Telefon<\/div>\n<p><a href=\"tel:+905079513390\">+90 507 951 33 90<\/a><\/div>\n<\/div>\n<\/address>\n<\/div>\n<\/div>\n<div class=\"col-12 col-lg-auto\">\n<div class=\"footer__item\">\n<div class=\"social-btns\"><i class=\"fontello-twitter\"><\/i><br \/>\n<i class=\"fontello-facebook\"><\/i><br \/>\n<i class=\"fontello-linkedin-squared\"><\/i><\/div>\n<\/div>\n<\/div>\n<\/div>\n<div class=\"row justify-content-lg-between copyright\">\n<div class=\"col-12 col-lg\">\n<div class=\"footer__item\"><span class=\"__copy\">\u00a9 2023 Qualitas Berry<\/span><\/div>\n<\/div>\n<div class=\"col-12 col-lg-auto\">\n<div class=\"footer__item\"><span class=\"__copy\">T\u00fcm Haklar\u0131 Sakl\u0131d\u0131r.<\/span><\/div>\n<\/div>\n<\/div>\n<\/div>\n<\/div>\n<\/div>\n<div class=\"map-container\"><div class=\"g_map\" data-api-key=\"AIzaSyDGI5Yph3TObs_5okM7df085QssTFIQbys\" data-longitude=\"36.78621162821701\" data-latitude=\"31.406438479429553\" data-marker=\"https:\/\/www.qualitasberry.com\/wp-content\/uploads\/2023\/05\/marker2.png\"><\/div><\/div><\/footer>[\/vc_column][\/vc_row]\n","protected":false},"excerpt":{"rendered":"<p>[vc_row full_width=&#8221;container-null&#8221;][vc_column agro_disable_column=&#8221;yes&#8221;][\/vc_column][\/vc_row][vc_row full_width=&#8221;container-null&#8221;][vc_column agro_disable_column=&#8221;yes&#8221;][\/vc_column][\/vc_row][vc_row][vc_column][\/vc_column][\/vc_row]<\/p>\n","protected":false},"author":1,"featured_media":0,"parent":0,"menu_order":0,"comment_status":"closed","ping_status":"closed","template":"custom-page.php","meta":{"footnotes":""},"class_list":["post-2307","page","type-page","status-publish","hentry"," nt-post-class"],"_links":{"self":[{"href":"https:\/\/www.qualitasberry.com\/en\/wp-json\/wp\/v2\/pages\/2307","targetHints":{"allow":["GET"]}}],"collection":[{"href":"https:\/\/www.qualitasberry.com\/en\/wp-json\/wp\/v2\/pages"}],"about":[{"href":"https:\/\/www.qualitasberry.com\/en\/wp-json\/wp\/v2\/types\/page"}],"author":[{"embeddable":true,"href":"https:\/\/www.qualitasberry.com\/en\/wp-json\/wp\/v2\/users\/1"}],"replies":[{"embeddable":true,"href":"https:\/\/www.qualitasberry.com\/en\/wp-json\/wp\/v2\/comments?post=2307"}],"version-history":[{"count":5,"href":"https:\/\/www.qualitasberry.com\/en\/wp-json\/wp\/v2\/pages\/2307\/revisions"}],"predecessor-version":[{"id":2404,"href":"https:\/\/www.qualitasberry.com\/en\/wp-json\/wp\/v2\/pages\/2307\/revisions\/2404"}],"wp:attachment":[{"href":"https:\/\/www.qualitasberry.com\/en\/wp-json\/wp\/v2\/media?parent=2307"}],"curies":[{"name":"wp","href":"https:\/\/api.w.org\/{rel}","templated":true}]}}